{"id":101,"date":"2017-04-14T16:24:35","date_gmt":"2017-04-14T14:24:35","guid":{"rendered":"http:\/\/www.gk-architetti.com\/?page_id=101\/"},"modified":"2018-04-02T22:21:47","modified_gmt":"2018-04-02T20:21:47","slug":"studio","status":"publish","type":"page","link":"https:\/\/www.gk-architetti.com\/it\/studio\/","title":{"rendered":"Lo studio"},"content":{"rendered":"<p>[et_pb_section bb_built=&#8221;1&#8243; admin_label=&#8221;Sezione&#8221; fullwidth=&#8221;on&#8221;][et_pb_fullwidth_header admin_label=&#8221;Intestazione a Larghezza Piena&#8221; title=&#8221;Lo studio&#8221; text_orientation=&#8221;center&#8221; header_fullscreen=&#8221;on&#8221; header_scroll_down=&#8221;on&#8221; scroll_down_icon_color=&#8221;#ff9900&#8243; scroll_down_icon_size=&#8221;40px&#8221; background_color=&#8221;#e6e6e6&#8243; title_font_size=&#8221;75px&#8221; content_font=&#8221;||on||&#8221; content_font_size=&#8221;22px&#8221; title_font_size_last_edited=&#8221;on|phone&#8221; title_font_size_phone=&#8221;25px&#8221; background_layout=&#8221;light&#8221; parallax=&#8221;off&#8221; parallax_method=&#8221;off&#8221; content_orientation=&#8221;center&#8221; image_orientation=&#8221;center&#8221; custom_button_one=&#8221;off&#8221; button_one_letter_spacing=&#8221;0&#8243; button_one_use_icon=&#8221;default&#8221; button_one_icon_placement=&#8221;right&#8221; button_one_on_hover=&#8221;on&#8221; button_one_letter_spacing_hover=&#8221;0&#8243; custom_button_two=&#8221;off&#8221; button_two_letter_spacing=&#8221;0&#8243; button_two_use_icon=&#8221;default&#8221; button_two_icon_placement=&#8221;right&#8221; button_two_on_hover=&#8221;on&#8221; button_two_letter_spacing_hover=&#8221;0&#8243; \/][\/et_pb_section][et_pb_section bb_built=&#8221;1&#8243; admin_label=&#8221;section&#8221; transparent_background=&#8221;off&#8221; allow_player_pause=&#8221;off&#8221; inner_shadow=&#8221;off&#8221; parallax=&#8221;off&#8221; parallax_method=&#8221;on&#8221; make_fullwidth=&#8221;off&#8221; use_custom_width=&#8221;off&#8221; width_unit=&#8221;on&#8221; make_equal=&#8221;off&#8221; use_custom_gutter=&#8221;off&#8221;][et_pb_row admin_label=&#8221;row&#8221;][et_pb_column type=&#8221;4_4&#8243;][et_pb_text admin_label=&#8221;Testo&#8221; background_layout=&#8221;light&#8221; text_orientation=&#8221;left&#8221; use_border_color=&#8221;off&#8221; border_color=&#8221;#ffffff&#8221; border_style=&#8221;solid&#8221;]<\/p>\n<p><strong>gk architetti<\/strong> \u00e8 uno studio di architettura italogiapponese fondato a Milano nel 2006 da Carlo Andrea Gorelli e da Keiko Kondo.<\/p>\n<p>&nbsp;<\/p>\n<p>I nostri obiettivi sono in primo luogo unire all\u2019estetica italiana la precisione e la sintesi giapponesi in modo da avere un risultato progettuale originale.<\/p>\n<p>Lo studio \u00e8 molto attento a fornire al cliente\u00a0 una molteplicit\u00e0 di spunti progettuali che lo metteranno in condizione di scegliere la soluzione migliore.<\/p>\n<p>[\/et_pb_text][\/et_pb_column][\/et_pb_row][et_pb_row admin_label=&#8221;Riga&#8221;][et_pb_column type=&#8221;4_4&#8243;][et_pb_text admin_label=&#8221;Testo&#8221; background_layout=&#8221;light&#8221; text_orientation=&#8221;left&#8221; use_border_color=&#8221;off&#8221; border_color=&#8221;#ffffff&#8221; border_style=&#8221;solid&#8221;]<\/p>\n<p>Grande importanza poi viene data alla fase esecutiva per ridurre al minimo le incertezze e le eventuali problematiche: tramite i disegni esecutivi infatti, essendo presi in considerazione tutti gli aspetti (architettonici, impiantistici e strutturali), si riesce ad avere un ottimo controllo dell\u2019organismo edilizio che si va a realizzare.<\/p>\n<p>Ogni progetto ha una sua storia ed \u00e8 completamente identificato con le esigenze del cliente diventando praticamente \u201csu misura\u201d sotto tutti i punti di vista a cominciare dal confort elemento che viene sempre tenuto in alta considerazione.<\/p>\n<p>Anche nella progettazione dei piccoli ambienti, di cui lo studio \u00e8 specializzato, tutto \u00e8 pensato per avere la fruibilit\u00e0 che si riscontra nei \u201ctagli\u201d di dimensioni maggiori.<\/p>\n<p>[\/et_pb_text][\/et_pb_column][\/et_pb_row][\/et_pb_section][et_pb_section bb_built=&#8221;1&#8243; admin_label=&#8221;section&#8221; transparent_background=&#8221;off&#8221; allow_player_pause=&#8221;off&#8221; inner_shadow=&#8221;off&#8221; parallax=&#8221;off&#8221; parallax_method=&#8221;on&#8221; make_fullwidth=&#8221;off&#8221; use_custom_width=&#8221;off&#8221; width_unit=&#8221;on&#8221; make_equal=&#8221;off&#8221; use_custom_gutter=&#8221;off&#8221;][et_pb_row admin_label=&#8221;row&#8221;][et_pb_column type=&#8221;1_2&#8243;][et_pb_team_member admin_label=&#8221;Persona&#8221; name=&#8221;Carlo Andrea Gorelli&#8221; position=&#8221;Architetto&#8221; image_url=&#8221;http:\/\/www.gk-architetti.com\/wp-content\/uploads\/2018\/02\/Carlo2.jpg&#8221; animation=&#8221;fade_in&#8221; facebook_url=&#8221;https:\/\/www.facebook.com\/carlo.a.gorelli&#8221; linkedin_url=&#8221;https:\/\/www.linkedin.com\/in\/carloandreagorelli?ppe=1&#8243; use_border_color=&#8221;off&#8221; custom_css_member_image=&#8221;text-align:left;&#8221; background_layout=&#8221;light&#8221; border_color=&#8221;#ffffff&#8221; border_style=&#8221;solid&#8221;]<\/p>\n<p>Nato nel 1971 si laurea in architettura nel 1998 al Politecnico di Milano.<\/p>\n<p>Dal 1999 inizia la collaborazione con vari studi di Milano e provincia a cui affianca la realizzazione di propri lavori legati principalmente all&#8217;ambito residenziale e commerciale.<\/p>\n<p>[\/et_pb_team_member][\/et_pb_column][et_pb_column type=&#8221;1_2&#8243;][et_pb_team_member admin_label=&#8221;Persona&#8221; name=&#8221;Keiko Kondo&#8221; position=&#8221;Architetto&#8221; image_url=&#8221;http:\/\/www.gk-architetti.com\/wp-content\/uploads\/2018\/01\/Keiko2.jpg&#8221; animation=&#8221;fade_in&#8221; facebook_url=&#8221;https:\/\/www.facebook.com\/keiko.kondo&#8221; linkedin_url=&#8221;https:\/\/www.linkedin.com\/in\/keikokondo\/?ppe=1&#8243; custom_css_member_image=&#8221;text-align:left;&#8221; background_layout=&#8221;light&#8221; use_border_color=&#8221;off&#8221; border_color=&#8221;#ffffff&#8221; border_style=&#8221;solid&#8221;]<\/p>\n<p>Nata a Yokohama nel 1973 si laurea nel 1996 al Politecnico di Shibaura a Tokyo e, nella stessa citt\u00e0, inizia l&#8217;attivit\u00e0 professionale.<\/p>\n<p>Trasferita a Milano nel 2002 e comincia la collaborazione con diversi studi di Milano.<\/p>\n<p>[\/et_pb_team_member][\/et_pb_column][\/et_pb_row][\/et_pb_section][et_pb_section bb_built=&#8221;1&#8243; admin_label=&#8221;Sezione&#8221; background_color=&#8221;#ff9900&#8243; global_module=&#8221;26634&#8243;][et_pb_row admin_label=&#8221;Riga&#8221; global_parent=&#8221;26634&#8243; custom_padding=&#8221;0px|0px|0px|0px&#8221; parallax_method_1=&#8221;off&#8221;][et_pb_column type=&#8221;4_4&#8243;][et_pb_cta admin_label=&#8221;Call-To-Action&#8221; global_parent=&#8221;26634&#8243; title=&#8221;Vuoi realizzare il progetto dei tuoi sogni ?&#8221; button_url=&#8221;\/it\/contatti\/&#8221; button_text=&#8221;Contattaci&#8221; use_background_color=&#8221;off&#8221; url_new_window=&#8221;off&#8221; background_color=&#8221;#ff9900&#8243; background_layout=&#8221;dark&#8221; text_orientation=&#8221;center&#8221; use_border_color=&#8221;off&#8221; border_color=&#8221;#ffffff&#8221; border_style=&#8221;solid&#8221; custom_button=&#8221;off&#8221; button_letter_spacing=&#8221;0&#8243; button_use_icon=&#8221;default&#8221; button_icon_placement=&#8221;right&#8221; button_on_hover=&#8221;on&#8221; button_letter_spacing_hover=&#8221;0&#8243;]<\/p>\n<p>La prima consulenza \u00e8 gratuita.&nbsp;Ascoltiamo le tue esigenza e parliamo dei tuoi sogni.<\/p>\n<p>[\/et_pb_cta][\/et_pb_column][\/et_pb_row][\/et_pb_section]<\/p>\n","protected":false},"excerpt":{"rendered":"<p>[et_pb_section bb_built=&#8221;1&#8243; admin_label=&#8221;Sezione&#8221; fullwidth=&#8221;on&#8221;][et_pb_fullwidth_header admin_label=&#8221;Intestazione a Larghezza Piena&#8221; title=&#8221;Lo studio&#8221; text_orientation=&#8221;center&#8221; header_fullscreen=&#8221;on&#8221; header_scroll_down=&#8221;on&#8221; scroll_down_icon_color=&#8221;#ff9900&#8243; scroll_down_icon_size=&#8221;40px&#8221; background_color=&#8221;#e6e6e6&#8243; title_font_size=&#8221;75px&#8221; content_font=&#8221;||on||&#8221; content_font_size=&#8221;22px&#8221; title_font_size_last_edited=&#8221;on|phone&#8221; title_font_size_phone=&#8221;25px&#8221; background_layout=&#8221;light&#8221; parallax=&#8221;off&#8221; parallax_method=&#8221;off&#8221; content_orientation=&#8221;center&#8221; image_orientation=&#8221;center&#8221; custom_button_one=&#8221;off&#8221; button_one_letter_spacing=&#8221;0&#8243; button_one_use_icon=&#8221;default&#8221; button_one_icon_placement=&#8221;right&#8221; button_one_on_hover=&#8221;on&#8221; button_one_letter_spacing_hover=&#8221;0&#8243; custom_button_two=&#8221;off&#8221; button_two_letter_spacing=&#8221;0&#8243; button_two_use_icon=&#8221;default&#8221; button_two_icon_placement=&#8221;right&#8221; button_two_on_hover=&#8221;on&#8221; button_two_letter_spacing_hover=&#8221;0&#8243; \/][\/et_pb_section][et_pb_section bb_built=&#8221;1&#8243; admin_label=&#8221;section&#8221; transparent_background=&#8221;off&#8221; allow_player_pause=&#8221;off&#8221; inner_shadow=&#8221;off&#8221; parallax=&#8221;off&#8221; parallax_method=&#8221;on&#8221; make_fullwidth=&#8221;off&#8221; use_custom_width=&#8221;off&#8221; width_unit=&#8221;on&#8221; make_equal=&#8221;off&#8221; use_custom_gutter=&#8221;off&#8221;][et_pb_row admin_label=&#8221;row&#8221;][et_pb_column type=&#8221;4_4&#8243;][et_pb_text admin_label=&#8221;Testo&#8221; background_layout=&#8221;light&#8221; [&hellip;]<\/p>\n","protected":false},"author":1,"featured_media":0,"parent":0,"menu_order":0,"comment_status":"closed","ping_status":"closed","template":"","meta":{"_et_pb_use_builder":"on","_et_pb_old_content":"","_et_gb_content_width":"","om_disable_all_campaigns":false,"_monsterinsights_skip_tracking":false,"_monsterinsights_sitenote_active":false,"_monsterinsights_sitenote_note":"","_monsterinsights_sitenote_category":0,"_uf_show_specific_survey":0,"_uf_disable_surveys":false,"footnotes":""},"class_list":["post-101","page","type-page","status-publish","hentry"],"aioseo_notices":[],"_links":{"self":[{"href":"https:\/\/www.gk-architetti.com\/it\/wp-json\/wp\/v2\/pages\/101","targetHints":{"allow":["GET"]}}],"collection":[{"href":"https:\/\/www.gk-architetti.com\/it\/wp-json\/wp\/v2\/pages"}],"about":[{"href":"https:\/\/www.gk-architetti.com\/it\/wp-json\/wp\/v2\/types\/page"}],"author":[{"embeddable":true,"href":"https:\/\/www.gk-architetti.com\/it\/wp-json\/wp\/v2\/users\/1"}],"replies":[{"embeddable":true,"href":"https:\/\/www.gk-architetti.com\/it\/wp-json\/wp\/v2\/comments?post=101"}],"version-history":[{"count":41,"href":"https:\/\/www.gk-architetti.com\/it\/wp-json\/wp\/v2\/pages\/101\/revisions"}],"predecessor-version":[{"id":27646,"href":"https:\/\/www.gk-architetti.com\/it\/wp-json\/wp\/v2\/pages\/101\/revisions\/27646"}],"wp:attachment":[{"href":"https:\/\/www.gk-architetti.com\/it\/wp-json\/wp\/v2\/media?parent=101"}],"curies":[{"name":"wp","href":"https:\/\/api.w.org\/{rel}","templated":true}]}}